{"id":71,"date":"2026-01-05T09:11:39","date_gmt":"2026-01-05T09:11:39","guid":{"rendered":"https:\/\/qsound.dk\/?page_id=71"},"modified":"2026-03-02T10:25:44","modified_gmt":"2026-03-02T10:25:44","slug":"forside","status":"publish","type":"page","link":"https:\/\/qsound.dk\/","title":{"rendered":"FORSIDE"},"content":{"rendered":"\t\t<div data-elementor-type=\"wp-page\" data-elementor-id=\"71\" class=\"elementor elementor-71\">\n\t\t\t\t<div class=\"elementor-element elementor-element-d6e3df0 e-flex e-con-boxed e-con e-parent\" data-id=\"d6e3df0\" data-element_type=\"container\" data-settings=\"{&quot;background_background&quot;:&quot;classic&quot;}\">\n\t\t\t\t\t<div class=\"e-con-inner\">\n\t\t\t\t<div class=\"elementor-element elementor-element-7d7333e elementor-widget elementor-widget-heading\" data-id=\"7d7333e\" data-element_type=\"widget\" data-widget_type=\"heading.default\">\n\t\t\t\t\t<h1 class=\"elementor-heading-title elementor-size-default\">Velkommen til CC ProShop<\/h1>\t\t\t\t<\/div>\n\t\t\t\t<div class=\"elementor-element elementor-element-b5a160f elementor-widget elementor-widget-text-editor\" data-id=\"b5a160f\" data-element_type=\"widget\" data-widget_type=\"text-editor.default\">\n\t\t\t\t\t\t\t\t\t<p>N\u00e5r lyd og billede skal v\u00e6re i top!<\/p>\t\t\t\t\t\t\t\t<\/div>\n\t\t\t\t\t<\/div>\n\t\t\t\t<\/div>\n\t\t<div class=\"elementor-element elementor-element-dc745de e-flex e-con-boxed e-con e-parent\" data-id=\"dc745de\" data-element_type=\"container\">\n\t\t\t\t\t<div class=\"e-con-inner\">\n\t\t\t\t<div class=\"elementor-element elementor-element-07cd6f9 elementor-widget elementor-widget-heading\" data-id=\"07cd6f9\" data-element_type=\"widget\" data-widget_type=\"heading.default\">\n\t\t\t\t\t<h2 class=\"elementor-heading-title elementor-size-default\">Webshops<\/h2>\t\t\t\t<\/div>\n\t\t\t\t\t<\/div>\n\t\t\t\t<\/div>\n\t\t<div class=\"elementor-element elementor-element-cf1640c e-flex e-con-boxed e-con e-parent\" data-id=\"cf1640c\" data-element_type=\"container\">\n\t\t\t\t\t<div class=\"e-con-inner\">\n\t\t<div class=\"elementor-element elementor-element-a509e6d e-con-full e-flex e-con e-child\" data-id=\"a509e6d\" data-element_type=\"container\">\n\t\t\t\t<div class=\"elementor-element elementor-element-187aa28 elementor-widget elementor-widget-image\" data-id=\"187aa28\" data-element_type=\"widget\" data-widget_type=\"image.default\">\n\t\t\t\t\t\t\t\t\t\t\t\t\t\t\t<img fetchpriority=\"high\" decoding=\"async\" width=\"1024\" height=\"624\" src=\"http:\/\/qsound.dk\/wp-content\/uploads\/2026\/02\/ElSalg-1-1024x624.png\" class=\"attachment-large size-large wp-image-428\" alt=\"\" srcset=\"http:\/\/qsound.dk\/wp-content\/uploads\/2026\/02\/ElSalg-1-1024x624.png 1024w, http:\/\/qsound.dk\/wp-content\/uploads\/2026\/02\/ElSalg-1-300x183.png 300w, http:\/\/qsound.dk\/wp-content\/uploads\/2026\/02\/ElSalg-1-768x468.png 768w, http:\/\/qsound.dk\/wp-content\/uploads\/2026\/02\/ElSalg-1-1536x936.png 1536w, http:\/\/qsound.dk\/wp-content\/uploads\/2026\/02\/ElSalg-1-2048x1248.png 2048w\" sizes=\"(max-width: 1024px) 100vw, 1024px\" \/>\t\t\t\t\t\t\t\t\t\t\t\t\t\t\t<\/div>\n\t\t\t\t<\/div>\n\t\t<div class=\"elementor-element elementor-element-bd641da e-con-full e-flex e-con e-child\" data-id=\"bd641da\" data-element_type=\"container\">\n\t\t\t\t<div class=\"elementor-element elementor-element-0033620 elementor-widget elementor-widget-image\" data-id=\"0033620\" data-element_type=\"widget\" data-widget_type=\"image.default\">\n\t\t\t\t\t\t\t\t\t\t\t\t\t\t\t<img decoding=\"async\" width=\"1024\" height=\"624\" src=\"http:\/\/qsound.dk\/wp-content\/uploads\/2026\/02\/Autostereo-1024x624.png\" class=\"attachment-large size-large wp-image-407\" alt=\"\" srcset=\"http:\/\/qsound.dk\/wp-content\/uploads\/2026\/02\/Autostereo-1024x624.png 1024w, http:\/\/qsound.dk\/wp-content\/uploads\/2026\/02\/Autostereo-300x183.png 300w, http:\/\/qsound.dk\/wp-content\/uploads\/2026\/02\/Autostereo-768x468.png 768w, http:\/\/qsound.dk\/wp-content\/uploads\/2026\/02\/Autostereo-1536x936.png 1536w, http:\/\/qsound.dk\/wp-content\/uploads\/2026\/02\/Autostereo-2048x1248.png 2048w\" sizes=\"(max-width: 1024px) 100vw, 1024px\" \/>\t\t\t\t\t\t\t\t\t\t\t\t\t\t\t<\/div>\n\t\t\t\t<\/div>\n\t\t<div class=\"elementor-element elementor-element-6157889 e-con-full e-flex e-con e-child\" data-id=\"6157889\" data-element_type=\"container\">\n\t\t\t\t<div class=\"elementor-element elementor-element-57cdd32 elementor-widget elementor-widget-image\" data-id=\"57cdd32\" data-element_type=\"widget\" data-widget_type=\"image.default\">\n\t\t\t\t\t\t\t\t\t\t\t\t\t\t\t<img decoding=\"async\" width=\"1024\" height=\"624\" src=\"http:\/\/qsound.dk\/wp-content\/uploads\/2026\/02\/Adam-Hall-1024x624.png\" class=\"attachment-large size-large wp-image-406\" alt=\"\" srcset=\"http:\/\/qsound.dk\/wp-content\/uploads\/2026\/02\/Adam-Hall-1024x624.png 1024w, http:\/\/qsound.dk\/wp-content\/uploads\/2026\/02\/Adam-Hall-300x183.png 300w, http:\/\/qsound.dk\/wp-content\/uploads\/2026\/02\/Adam-Hall-768x468.png 768w, http:\/\/qsound.dk\/wp-content\/uploads\/2026\/02\/Adam-Hall-1536x936.png 1536w, http:\/\/qsound.dk\/wp-content\/uploads\/2026\/02\/Adam-Hall-2048x1248.png 2048w\" sizes=\"(max-width: 1024px) 100vw, 1024px\" \/>\t\t\t\t\t\t\t\t\t\t\t\t\t\t\t<\/div>\n\t\t\t\t<\/div>\n\t\t<div class=\"elementor-element elementor-element-523e1aa e-con-full e-flex e-con e-child\" data-id=\"523e1aa\" data-element_type=\"container\">\n\t\t\t\t<div class=\"elementor-element elementor-element-8bec688 elementor-widget elementor-widget-image\" data-id=\"8bec688\" data-element_type=\"widget\" data-widget_type=\"image.default\">\n\t\t\t\t\t\t\t\t\t\t\t\t\t\t\t<img loading=\"lazy\" decoding=\"async\" width=\"1024\" height=\"624\" src=\"http:\/\/qsound.dk\/wp-content\/uploads\/2026\/02\/Yamaha-1-1024x624.png\" class=\"attachment-large size-large wp-image-461\" alt=\"\" srcset=\"http:\/\/qsound.dk\/wp-content\/uploads\/2026\/02\/Yamaha-1-1024x624.png 1024w, http:\/\/qsound.dk\/wp-content\/uploads\/2026\/02\/Yamaha-1-300x183.png 300w, http:\/\/qsound.dk\/wp-content\/uploads\/2026\/02\/Yamaha-1-768x468.png 768w, http:\/\/qsound.dk\/wp-content\/uploads\/2026\/02\/Yamaha-1-1536x936.png 1536w, http:\/\/qsound.dk\/wp-content\/uploads\/2026\/02\/Yamaha-1-2048x1248.png 2048w\" sizes=\"(max-width: 1024px) 100vw, 1024px\" \/>\t\t\t\t\t\t\t\t\t\t\t\t\t\t\t<\/div>\n\t\t\t\t<\/div>\n\t\t<div class=\"elementor-element elementor-element-8299ed2 e-con-full e-flex e-con e-child\" data-id=\"8299ed2\" data-element_type=\"container\">\n\t\t\t\t<div class=\"elementor-element elementor-element-fc61909 elementor-widget elementor-widget-image\" data-id=\"fc61909\" data-element_type=\"widget\" data-widget_type=\"image.default\">\n\t\t\t\t\t\t\t\t\t\t\t\t\t\t\t<img loading=\"lazy\" decoding=\"async\" width=\"1024\" height=\"624\" src=\"http:\/\/qsound.dk\/wp-content\/uploads\/2026\/02\/System-Audio-1024x624.png\" class=\"attachment-large size-large wp-image-403\" alt=\"\" srcset=\"http:\/\/qsound.dk\/wp-content\/uploads\/2026\/02\/System-Audio-1024x624.png 1024w, http:\/\/qsound.dk\/wp-content\/uploads\/2026\/02\/System-Audio-300x183.png 300w, http:\/\/qsound.dk\/wp-content\/uploads\/2026\/02\/System-Audio-768x468.png 768w, http:\/\/qsound.dk\/wp-content\/uploads\/2026\/02\/System-Audio-1536x936.png 1536w, http:\/\/qsound.dk\/wp-content\/uploads\/2026\/02\/System-Audio-2048x1248.png 2048w\" sizes=\"(max-width: 1024px) 100vw, 1024px\" \/>\t\t\t\t\t\t\t\t\t\t\t\t\t\t\t<\/div>\n\t\t\t\t<\/div>\n\t\t<div class=\"elementor-element elementor-element-aabe191 e-con-full e-flex e-con e-child\" data-id=\"aabe191\" data-element_type=\"container\">\n\t\t\t\t<div class=\"elementor-element elementor-element-1faeb45 elementor-widget elementor-widget-image\" data-id=\"1faeb45\" data-element_type=\"widget\" data-widget_type=\"image.default\">\n\t\t\t\t\t\t\t\t\t\t\t\t\t\t\t<img loading=\"lazy\" decoding=\"async\" width=\"1024\" height=\"624\" src=\"http:\/\/qsound.dk\/wp-content\/uploads\/2026\/02\/Selek-1024x624.png\" class=\"attachment-large size-large wp-image-401\" alt=\"\" srcset=\"http:\/\/qsound.dk\/wp-content\/uploads\/2026\/02\/Selek-1024x624.png 1024w, http:\/\/qsound.dk\/wp-content\/uploads\/2026\/02\/Selek-300x183.png 300w, http:\/\/qsound.dk\/wp-content\/uploads\/2026\/02\/Selek-768x468.png 768w, http:\/\/qsound.dk\/wp-content\/uploads\/2026\/02\/Selek-1536x936.png 1536w, http:\/\/qsound.dk\/wp-content\/uploads\/2026\/02\/Selek-2048x1248.png 2048w\" sizes=\"(max-width: 1024px) 100vw, 1024px\" \/>\t\t\t\t\t\t\t\t\t\t\t\t\t\t\t<\/div>\n\t\t\t\t<\/div>\n\t\t\t\t\t<\/div>\n\t\t\t\t<\/div>\n\t\t<div class=\"elementor-element elementor-element-241efd7 e-flex e-con-boxed e-con e-parent\" data-id=\"241efd7\" data-element_type=\"container\" data-settings=\"{&quot;background_background&quot;:&quot;classic&quot;}\">\n\t\t\t\t\t<div class=\"e-con-inner\">\n\t\t\t\t<div class=\"elementor-element elementor-element-5fff64e elementor-widget elementor-widget-heading\" data-id=\"5fff64e\" data-element_type=\"widget\" data-widget_type=\"heading.default\">\n\t\t\t\t\t<h2 class=\"elementor-heading-title elementor-size-default\">Service<\/h2>\t\t\t\t<\/div>\n\t\t\t\t\t<\/div>\n\t\t\t\t<\/div>\n\t\t<div class=\"elementor-element elementor-element-9eac4f7 e-flex e-con-boxed e-con e-parent\" data-id=\"9eac4f7\" data-element_type=\"container\" data-settings=\"{&quot;background_background&quot;:&quot;classic&quot;}\">\n\t\t\t\t\t<div class=\"e-con-inner\">\n\t\t<div class=\"elementor-element elementor-element-2b695b8 e-con-full e-flex e-con e-child\" data-id=\"2b695b8\" data-element_type=\"container\">\n\t\t\t\t<div class=\"elementor-element elementor-element-2f341c0 elementor-widget elementor-widget-image\" data-id=\"2f341c0\" data-element_type=\"widget\" data-widget_type=\"image.default\">\n\t\t\t\t\t\t\t\t\t\t\t\t\t\t\t<img loading=\"lazy\" decoding=\"async\" width=\"1024\" height=\"624\" src=\"http:\/\/qsound.dk\/wp-content\/uploads\/2026\/02\/ref-1024x624.png\" class=\"attachment-large size-large wp-image-377\" alt=\"\" srcset=\"http:\/\/qsound.dk\/wp-content\/uploads\/2026\/02\/ref-1024x624.png 1024w, http:\/\/qsound.dk\/wp-content\/uploads\/2026\/02\/ref-300x183.png 300w, http:\/\/qsound.dk\/wp-content\/uploads\/2026\/02\/ref-768x468.png 768w, http:\/\/qsound.dk\/wp-content\/uploads\/2026\/02\/ref-1536x936.png 1536w, http:\/\/qsound.dk\/wp-content\/uploads\/2026\/02\/ref-2048x1248.png 2048w\" sizes=\"(max-width: 1024px) 100vw, 1024px\" \/>\t\t\t\t\t\t\t\t\t\t\t\t\t\t\t<\/div>\n\t\t\t\t<div class=\"elementor-element elementor-element-153cc93 elementor-widget elementor-widget-heading\" data-id=\"153cc93\" data-element_type=\"widget\" data-widget_type=\"heading.default\">\n\t\t\t\t\t<h4 class=\"elementor-heading-title elementor-size-default\">UDLEJNING<\/h4>\t\t\t\t<\/div>\n\t\t\t\t<\/div>\n\t\t<div class=\"elementor-element elementor-element-948107e e-con-full e-flex e-con e-child\" data-id=\"948107e\" data-element_type=\"container\">\n\t\t\t\t<div class=\"elementor-element elementor-element-4d33488 elementor-widget elementor-widget-image\" data-id=\"4d33488\" data-element_type=\"widget\" data-widget_type=\"image.default\">\n\t\t\t\t\t\t\t\t\t\t\t\t\t\t\t<img loading=\"lazy\" decoding=\"async\" width=\"1024\" height=\"624\" src=\"http:\/\/qsound.dk\/wp-content\/uploads\/2026\/02\/rg-1024x624.png\" class=\"attachment-large size-large wp-image-378\" alt=\"\" srcset=\"http:\/\/qsound.dk\/wp-content\/uploads\/2026\/02\/rg-1024x624.png 1024w, http:\/\/qsound.dk\/wp-content\/uploads\/2026\/02\/rg-300x183.png 300w, http:\/\/qsound.dk\/wp-content\/uploads\/2026\/02\/rg-768x468.png 768w, http:\/\/qsound.dk\/wp-content\/uploads\/2026\/02\/rg-1536x936.png 1536w, http:\/\/qsound.dk\/wp-content\/uploads\/2026\/02\/rg-2048x1248.png 2048w\" sizes=\"(max-width: 1024px) 100vw, 1024px\" \/>\t\t\t\t\t\t\t\t\t\t\t\t\t\t\t<\/div>\n\t\t\t\t<div class=\"elementor-element elementor-element-ad60678 elementor-widget elementor-widget-heading\" data-id=\"ad60678\" data-element_type=\"widget\" data-widget_type=\"heading.default\">\n\t\t\t\t\t<h4 class=\"elementor-heading-title elementor-size-default\">V\u00c6RKSTED<\/h4>\t\t\t\t<\/div>\n\t\t\t\t<\/div>\n\t\t<div class=\"elementor-element elementor-element-8ba8d34 e-con-full e-flex e-con e-child\" data-id=\"8ba8d34\" data-element_type=\"container\">\n\t\t\t\t<div class=\"elementor-element elementor-element-88283cb elementor-widget elementor-widget-image\" data-id=\"88283cb\" data-element_type=\"widget\" data-widget_type=\"image.default\">\n\t\t\t\t\t\t\t\t\t\t\t\t\t\t\t<img loading=\"lazy\" decoding=\"async\" width=\"1024\" height=\"624\" src=\"http:\/\/qsound.dk\/wp-content\/uploads\/2026\/02\/gr-1024x624.png\" class=\"attachment-large size-large wp-image-376\" alt=\"\" srcset=\"http:\/\/qsound.dk\/wp-content\/uploads\/2026\/02\/gr-1024x624.png 1024w, http:\/\/qsound.dk\/wp-content\/uploads\/2026\/02\/gr-300x183.png 300w, http:\/\/qsound.dk\/wp-content\/uploads\/2026\/02\/gr-768x468.png 768w, http:\/\/qsound.dk\/wp-content\/uploads\/2026\/02\/gr-1536x936.png 1536w, http:\/\/qsound.dk\/wp-content\/uploads\/2026\/02\/gr-2048x1248.png 2048w\" sizes=\"(max-width: 1024px) 100vw, 1024px\" \/>\t\t\t\t\t\t\t\t\t\t\t\t\t\t\t<\/div>\n\t\t\t\t<div class=\"elementor-element elementor-element-b88d744 elementor-widget elementor-widget-heading\" data-id=\"b88d744\" data-element_type=\"widget\" data-widget_type=\"heading.default\">\n\t\t\t\t\t<h4 class=\"elementor-heading-title elementor-size-default\">INSTALLATION<\/h4>\t\t\t\t<\/div>\n\t\t\t\t<\/div>\n\t\t<div class=\"elementor-element elementor-element-f55d8c0 e-con-full e-flex e-con e-child\" data-id=\"f55d8c0\" data-element_type=\"container\">\n\t\t\t\t<div class=\"elementor-element elementor-element-7fe8c2e elementor-widget elementor-widget-spacer\" data-id=\"7fe8c2e\" data-element_type=\"widget\" data-widget_type=\"spacer.default\">\n\t\t\t\t\t\t\t<div class=\"elementor-spacer\">\n\t\t\t<div class=\"elementor-spacer-inner\"><\/div>\n\t\t<\/div>\n\t\t\t\t\t\t<\/div>\n\t\t\t\t<\/div>\n\t\t<div class=\"elementor-element elementor-element-43d1aa9 e-con-full e-flex e-con e-child\" data-id=\"43d1aa9\" data-element_type=\"container\">\n\t\t\t\t<div class=\"elementor-element elementor-element-1345946 elementor-widget elementor-widget-spacer\" data-id=\"1345946\" data-element_type=\"widget\" data-widget_type=\"spacer.default\">\n\t\t\t\t\t\t\t<div class=\"elementor-spacer\">\n\t\t\t<div class=\"elementor-spacer-inner\"><\/div>\n\t\t<\/div>\n\t\t\t\t\t\t<\/div>\n\t\t\t\t<\/div>\n\t\t<div class=\"elementor-element elementor-element-384a222 e-con-full e-flex e-con e-child\" data-id=\"384a222\" data-element_type=\"container\">\n\t\t\t\t<div class=\"elementor-element elementor-element-e704ec5 elementor-widget elementor-widget-spacer\" data-id=\"e704ec5\" data-element_type=\"widget\" data-widget_type=\"spacer.default\">\n\t\t\t\t\t\t\t<div class=\"elementor-spacer\">\n\t\t\t<div class=\"elementor-spacer-inner\"><\/div>\n\t\t<\/div>\n\t\t\t\t\t\t<\/div>\n\t\t\t\t<\/div>\n\t\t\t\t\t<\/div>\n\t\t\t\t<\/div>\n\t\t<div class=\"elementor-element elementor-element-6c6bf9c e-flex e-con-boxed e-con e-parent\" data-id=\"6c6bf9c\" data-element_type=\"container\" data-settings=\"{&quot;background_background&quot;:&quot;classic&quot;}\">\n\t\t\t\t\t<div class=\"e-con-inner\">\n\t\t\t\t<div class=\"elementor-element elementor-element-5e8b22a elementor-widget elementor-widget-spacer\" data-id=\"5e8b22a\" data-element_type=\"widget\" data-widget_type=\"spacer.default\">\n\t\t\t\t\t\t\t<div class=\"elementor-spacer\">\n\t\t\t<div class=\"elementor-spacer-inner\"><\/div>\n\t\t<\/div>\n\t\t\t\t\t\t<\/div>\n\t\t\t\t\t<\/div>\n\t\t\t\t<\/div>\n\t\t\t\t<\/div>\n\t\t","protected":false},"excerpt":{"rendered":"<p>Velkommen til CC ProShop N\u00e5r lyd og billede skal v\u00e6re i top! Webshops Service UDLEJNING V\u00c6RKSTED INSTALLATION<\/p>\n","protected":false},"author":2,"featured_media":0,"parent":0,"menu_order":0,"comment_status":"closed","ping_status":"closed","template":"","meta":{"site-sidebar-layout":"no-sidebar","site-content-layout":"","ast-site-content-layout":"full-width-container","site-content-style":"default","site-sidebar-style":"default","ast-global-header-display":"","ast-banner-title-visibility":"","ast-main-header-display":"","ast-hfb-above-header-display":"","ast-hfb-below-header-display":"","ast-hfb-mobile-header-display":"","site-post-title":"disabled","ast-breadcrumbs-content":"","ast-featured-img":"disabled","footer-sml-layout":"","ast-disable-related-posts":"","theme-transparent-header-meta":"","adv-header-id-meta":"","stick-header-meta":"","header-above-stick-meta":"","header-main-stick-meta":"","header-below-stick-meta":"","astra-migrate-meta-layouts":"default","ast-page-background-enabled":"default","ast-page-background-meta":{"desktop":{"background-color":"var(--ast-global-color-5)","background-image":"","background-repeat":"repeat","background-position":"center center","background-size":"auto","background-attachment":"scroll","background-type":"","background-media":"","overlay-type":"","overlay-color":"","overlay-opacity":"","overlay-gradient":""},"tablet":{"background-color":"","background-image":"","background-repeat":"repeat","background-position":"center center","background-size":"auto","background-attachment":"scroll","background-type":"","background-media":"","overlay-type":"","overlay-color":"","overlay-opacity":"","overlay-gradient":""},"mobile":{"background-color":"","background-image":"","background-repeat":"repeat","background-position":"center center","background-size":"auto","background-attachment":"scroll","background-type":"","background-media":"","overlay-type":"","overlay-color":"","overlay-opacity":"","overlay-gradient":""}},"ast-content-background-meta":{"desktop":{"background-color":"var(--ast-global-color-4)","background-image":"","background-repeat":"repeat","background-position":"center center","background-size":"auto","background-attachment":"scroll","background-type":"","background-media":"","overlay-type":"","overlay-color":"","overlay-opacity":"","overlay-gradient":""},"tablet":{"background-color":"var(--ast-global-color-4)","background-image":"","background-repeat":"repeat","background-position":"center center","background-size":"auto","background-attachment":"scroll","background-type":"","background-media":"","overlay-type":"","overlay-color":"","overlay-opacity":"","overlay-gradient":""},"mobile":{"background-color":"var(--ast-global-color-4)","background-image":"","background-repeat":"repeat","background-position":"center center","background-size":"auto","background-attachment":"scroll","background-type":"","background-media":"","overlay-type":"","overlay-color":"","overlay-opacity":"","overlay-gradient":""}},"footnotes":""},"class_list":["post-71","page","type-page","status-publish","hentry"],"_links":{"self":[{"href":"https:\/\/qsound.dk\/index.php\/wp-json\/wp\/v2\/pages\/71","targetHints":{"allow":["GET"]}}],"collection":[{"href":"https:\/\/qsound.dk\/index.php\/wp-json\/wp\/v2\/pages"}],"about":[{"href":"https:\/\/qsound.dk\/index.php\/wp-json\/wp\/v2\/types\/page"}],"author":[{"embeddable":true,"href":"https:\/\/qsound.dk\/index.php\/wp-json\/wp\/v2\/users\/2"}],"replies":[{"embeddable":true,"href":"https:\/\/qsound.dk\/index.php\/wp-json\/wp\/v2\/comments?post=71"}],"version-history":[{"count":166,"href":"https:\/\/qsound.dk\/index.php\/wp-json\/wp\/v2\/pages\/71\/revisions"}],"predecessor-version":[{"id":577,"href":"https:\/\/qsound.dk\/index.php\/wp-json\/wp\/v2\/pages\/71\/revisions\/577"}],"wp:attachment":[{"href":"https:\/\/qsound.dk\/index.php\/wp-json\/wp\/v2\/media?parent=71"}],"curies":[{"name":"wp","href":"https:\/\/api.w.org\/{rel}","templated":true}]}}